{"id":1999,"date":"2018-06-21T13:42:33","date_gmt":"2018-06-21T13:42:33","guid":{"rendered":"http:\/\/146.66.66.162\/~scothorn\/?page_id=1999"},"modified":"2018-07-06T19:06:13","modified_gmt":"2018-07-06T19:06:13","slug":"our-mission-values","status":"publish","type":"page","link":"https:\/\/scothornnutrition.com\/fr\/dairy-nutrition-advisors\/our-mission-values\/","title":{"rendered":"Notre Mission &amp; Nos Valeurs"},"content":{"rendered":"<h2>Notre Mission<\/h2>\n<p><img loading=\"lazy\" decoding=\"async\" class=\"alignnone size-full wp-image-2095\" src=\"http:\/\/scothornnutrition.com\/wp-content\/uploads\/2018\/06\/hr-1300x20.png\" alt=\"horizontal rule\" width=\"1300\" height=\"30\" srcset=\"https:\/\/scothornnutrition.com\/wp-content\/uploads\/2018\/06\/hr-1300x20.png 1300w, https:\/\/scothornnutrition.com\/wp-content\/uploads\/2018\/06\/hr-1300x20-300x7.png 300w, https:\/\/scothornnutrition.com\/wp-content\/uploads\/2018\/06\/hr-1300x20-768x18.png 768w, https:\/\/scothornnutrition.com\/wp-content\/uploads\/2018\/06\/hr-1300x20-1024x24.png 1024w\" sizes=\"auto, (max-width: 1300px) 100vw, 1300px\" \/><\/p>\n<p>Am\u00e9liorer la rentabilit\u00e9 et la sant\u00e9 du troupeau des producteurs laitiers canadiens gr\u00e2ce \u00e0 nos connaissances, notre exp\u00e9rience et nos suppl\u00e9ments alimentaires qui sont leaders dans le march\u00e9.<\/p>\n<p>&nbsp;<\/p>\n<h2>Nos Valeurs<\/h2>\n<p><img loading=\"lazy\" decoding=\"async\" class=\"alignnone size-full wp-image-2095\" src=\"http:\/\/scothornnutrition.com\/wp-content\/uploads\/2018\/06\/hr-1300x20.png\" alt=\"horizontal rule\" width=\"1300\" height=\"30\" srcset=\"https:\/\/scothornnutrition.com\/wp-content\/uploads\/2018\/06\/hr-1300x20.png 1300w, https:\/\/scothornnutrition.com\/wp-content\/uploads\/2018\/06\/hr-1300x20-300x7.png 300w, https:\/\/scothornnutrition.com\/wp-content\/uploads\/2018\/06\/hr-1300x20-768x18.png 768w, https:\/\/scothornnutrition.com\/wp-content\/uploads\/2018\/06\/hr-1300x20-1024x24.png 1024w\" sizes=\"auto, (max-width: 1300px) 100vw, 1300px\" \/>Nous valorisons le mouvement en avant.<br \/>\nNous appr\u00e9cions la confiance de nos clients et leur confiance en nous.<br \/>\nNous valorisons l'ouverture aux nouvelles id\u00e9es.<br \/>\nNous appr\u00e9cions la collaboration en utilisant une approche d'\u00e9quipe pour servir nos clients.<br \/>\nNous appr\u00e9cions que ce soit votre exploitation agricole et votre entreprise.<br \/>\nNous valorisons la confidentialit\u00e9.<br \/>\nNous valorisons l'int\u00e9grit\u00e9 et faisons\/disons les m\u00eames choses en priv\u00e9 que nous le faisons en public.<\/p>","protected":false},"excerpt":{"rendered":"<p>Our Mission To enhance the profitability and herd health of Canadian dairy producers through our knowledge, experience and market-leading feed supplements. &nbsp; Our Values We value forward movement. We value our clients&#8217; faith and trust in us. We value openness to new ideas. We value collaboration using team approach to serve our customers. We value&hellip; <a href=\"https:\/\/scothornnutrition.com\/fr\/dairy-nutrition-advisors\/our-mission-values\/\" class=\"more-link\">Read more <span class=\"screen-reader-text\">\u00e0 proposOur Mission &#038; Values<\/span><\/a><\/p>","protected":false},"author":1,"featured_media":2141,"parent":1221,"menu_order":0,"comment_status":"closed","ping_status":"closed","template":"","meta":{"_genesis_hide_title":false,"_genesis_hide_breadcrumbs":false,"_genesis_hide_singular_image":false,"_genesis_hide_footer_widgets":false,"_genesis_custom_body_class":"","_genesis_custom_post_class":"","_genesis_layout":"","footnotes":""},"class_list":{"0":"post-1999","1":"page","2":"type-page","3":"status-publish","4":"has-post-thumbnail","6":"entry"},"yoast_head":"<!-- This site is optimized with the Yoast SEO plugin v27.3 - https:\/\/yoast.com\/product\/yoast-seo-wordpress\/ -->\n<title>Our Mission &amp; Values - Scothorn Nutrition<\/title>\n<meta name=\"robots\" content=\"index, follow, max-snippet:-1, max-image-preview:large, max-video-preview:-1\" \/>\n<link rel=\"canonical\" href=\"http:\/\/scothornnutrition.com\/fr\/dairy-nutrition-advisors\/our-mission-values\/\" \/>\n<meta property=\"og:locale\" content=\"fr_CA\" \/>\n<meta property=\"og:type\" content=\"article\" \/>\n<meta property=\"og:title\" content=\"Our Mission &amp; Values - Scothorn Nutrition\" \/>\n<meta property=\"og:description\" content=\"Our Mission To enhance the profitability and herd health of Canadian dairy producers through our knowledge, experience and market-leading feed supplements. &nbsp; Our Values We value forward movement. We value our clients&#8217; faith and trust in us. We value openness to new ideas. We value collaboration using team approach to serve our customers. We value&hellip; Read more \u00e0 proposOur Mission &#038; Values\" \/>\n<meta property=\"og:url\" content=\"http:\/\/scothornnutrition.com\/fr\/dairy-nutrition-advisors\/our-mission-values\/\" \/>\n<meta property=\"og:site_name\" content=\"Scothorn Nutrition\" \/>\n<meta property=\"article:modified_time\" content=\"2018-07-06T19:06:13+00:00\" \/>\n<meta property=\"og:image\" content=\"http:\/\/scothornnutrition.com\/wp-content\/uploads\/2018\/06\/alfalfa-field-1920x1080-01.jpg\" \/>\n\t<meta property=\"og:image:width\" content=\"1920\" \/>\n\t<meta property=\"og:image:height\" content=\"1080\" \/>\n\t<meta property=\"og:image:type\" content=\"image\/jpeg\" \/>\n<meta name=\"twitter:card\" content=\"summary_large_image\" \/>\n<script type=\"application\/ld+json\" class=\"yoast-schema-graph\">{\"@context\":\"https:\\\/\\\/schema.org\",\"@graph\":[{\"@type\":\"WebPage\",\"@id\":\"http:\\\/\\\/scothornnutrition.com\\\/dairy-nutrition-advisors\\\/our-mission-values\\\/\",\"url\":\"http:\\\/\\\/scothornnutrition.com\\\/dairy-nutrition-advisors\\\/our-mission-values\\\/\",\"name\":\"Our Mission & Values - Scothorn Nutrition\",\"isPartOf\":{\"@id\":\"http:\\\/\\\/scothornnutrition.com\\\/#website\"},\"primaryImageOfPage\":{\"@id\":\"http:\\\/\\\/scothornnutrition.com\\\/dairy-nutrition-advisors\\\/our-mission-values\\\/#primaryimage\"},\"image\":{\"@id\":\"http:\\\/\\\/scothornnutrition.com\\\/dairy-nutrition-advisors\\\/our-mission-values\\\/#primaryimage\"},\"thumbnailUrl\":\"https:\\\/\\\/scothornnutrition.com\\\/wp-content\\\/uploads\\\/2018\\\/06\\\/alfalfa-field-1920x1080-01.jpg\",\"datePublished\":\"2018-06-21T13:42:33+00:00\",\"dateModified\":\"2018-07-06T19:06:13+00:00\",\"breadcrumb\":{\"@id\":\"http:\\\/\\\/scothornnutrition.com\\\/dairy-nutrition-advisors\\\/our-mission-values\\\/#breadcrumb\"},\"inLanguage\":\"fr-CA\",\"potentialAction\":[{\"@type\":\"ReadAction\",\"target\":[\"http:\\\/\\\/scothornnutrition.com\\\/dairy-nutrition-advisors\\\/our-mission-values\\\/\"]}]},{\"@type\":\"ImageObject\",\"inLanguage\":\"fr-CA\",\"@id\":\"http:\\\/\\\/scothornnutrition.com\\\/dairy-nutrition-advisors\\\/our-mission-values\\\/#primaryimage\",\"url\":\"https:\\\/\\\/scothornnutrition.com\\\/wp-content\\\/uploads\\\/2018\\\/06\\\/alfalfa-field-1920x1080-01.jpg\",\"contentUrl\":\"https:\\\/\\\/scothornnutrition.com\\\/wp-content\\\/uploads\\\/2018\\\/06\\\/alfalfa-field-1920x1080-01.jpg\",\"width\":1920,\"height\":1080},{\"@type\":\"BreadcrumbList\",\"@id\":\"http:\\\/\\\/scothornnutrition.com\\\/dairy-nutrition-advisors\\\/our-mission-values\\\/#breadcrumb\",\"itemListElement\":[{\"@type\":\"ListItem\",\"position\":1,\"name\":\"Home\",\"item\":\"http:\\\/\\\/scothornnutrition.com\\\/\"},{\"@type\":\"ListItem\",\"position\":2,\"name\":\"About Us\",\"item\":\"https:\\\/\\\/scothornnutrition.com\\\/dairy-nutrition-advisors\\\/\"},{\"@type\":\"ListItem\",\"position\":3,\"name\":\"Our Mission &#038; Values\"}]},{\"@type\":\"WebSite\",\"@id\":\"http:\\\/\\\/scothornnutrition.com\\\/#website\",\"url\":\"http:\\\/\\\/scothornnutrition.com\\\/\",\"name\":\"Scothorn Nutrition\",\"description\":\"Herd Health Management\",\"publisher\":{\"@id\":\"http:\\\/\\\/scothornnutrition.com\\\/#organization\"},\"potentialAction\":[{\"@type\":\"SearchAction\",\"target\":{\"@type\":\"EntryPoint\",\"urlTemplate\":\"http:\\\/\\\/scothornnutrition.com\\\/?s={search_term_string}\"},\"query-input\":{\"@type\":\"PropertyValueSpecification\",\"valueRequired\":true,\"valueName\":\"search_term_string\"}}],\"inLanguage\":\"fr-CA\"},{\"@type\":\"Organization\",\"@id\":\"http:\\\/\\\/scothornnutrition.com\\\/#organization\",\"name\":\"Scothorn Nutrition\",\"url\":\"http:\\\/\\\/scothornnutrition.com\\\/\",\"logo\":{\"@type\":\"ImageObject\",\"inLanguage\":\"fr-CA\",\"@id\":\"http:\\\/\\\/scothornnutrition.com\\\/#\\\/schema\\\/logo\\\/image\\\/\",\"url\":\"https:\\\/\\\/scothornnutrition.com\\\/wp-content\\\/uploads\\\/2018\\\/02\\\/SNL-logo-250x100.png\",\"contentUrl\":\"https:\\\/\\\/scothornnutrition.com\\\/wp-content\\\/uploads\\\/2018\\\/02\\\/SNL-logo-250x100.png\",\"width\":250,\"height\":100,\"caption\":\"Scothorn Nutrition\"},\"image\":{\"@id\":\"http:\\\/\\\/scothornnutrition.com\\\/#\\\/schema\\\/logo\\\/image\\\/\"}}]}<\/script>\n<!-- \/ Yoast SEO plugin. -->","yoast_head_json":{"title":"Our Mission & Values - Scothorn Nutrition","robots":{"index":"index","follow":"follow","max-snippet":"max-snippet:-1","max-image-preview":"max-image-preview:large","max-video-preview":"max-video-preview:-1"},"canonical":"http:\/\/scothornnutrition.com\/fr\/dairy-nutrition-advisors\/our-mission-values\/","og_locale":"fr_CA","og_type":"article","og_title":"Our Mission & Values - Scothorn Nutrition","og_description":"Our Mission To enhance the profitability and herd health of Canadian dairy producers through our knowledge, experience and market-leading feed supplements. &nbsp; Our Values We value forward movement. We value our clients&#8217; faith and trust in us. We value openness to new ideas. We value collaboration using team approach to serve our customers. We value&hellip; Read more \u00e0 proposOur Mission &#038; Values","og_url":"http:\/\/scothornnutrition.com\/fr\/dairy-nutrition-advisors\/our-mission-values\/","og_site_name":"Scothorn Nutrition","article_modified_time":"2018-07-06T19:06:13+00:00","og_image":[{"width":1920,"height":1080,"url":"http:\/\/scothornnutrition.com\/wp-content\/uploads\/2018\/06\/alfalfa-field-1920x1080-01.jpg","type":"image\/jpeg"}],"twitter_card":"summary_large_image","schema":{"@context":"https:\/\/schema.org","@graph":[{"@type":"WebPage","@id":"http:\/\/scothornnutrition.com\/dairy-nutrition-advisors\/our-mission-values\/","url":"http:\/\/scothornnutrition.com\/dairy-nutrition-advisors\/our-mission-values\/","name":"Our Mission & Values - Scothorn Nutrition","isPartOf":{"@id":"http:\/\/scothornnutrition.com\/#website"},"primaryImageOfPage":{"@id":"http:\/\/scothornnutrition.com\/dairy-nutrition-advisors\/our-mission-values\/#primaryimage"},"image":{"@id":"http:\/\/scothornnutrition.com\/dairy-nutrition-advisors\/our-mission-values\/#primaryimage"},"thumbnailUrl":"https:\/\/scothornnutrition.com\/wp-content\/uploads\/2018\/06\/alfalfa-field-1920x1080-01.jpg","datePublished":"2018-06-21T13:42:33+00:00","dateModified":"2018-07-06T19:06:13+00:00","breadcrumb":{"@id":"http:\/\/scothornnutrition.com\/dairy-nutrition-advisors\/our-mission-values\/#breadcrumb"},"inLanguage":"fr-CA","potentialAction":[{"@type":"ReadAction","target":["http:\/\/scothornnutrition.com\/dairy-nutrition-advisors\/our-mission-values\/"]}]},{"@type":"ImageObject","inLanguage":"fr-CA","@id":"http:\/\/scothornnutrition.com\/dairy-nutrition-advisors\/our-mission-values\/#primaryimage","url":"https:\/\/scothornnutrition.com\/wp-content\/uploads\/2018\/06\/alfalfa-field-1920x1080-01.jpg","contentUrl":"https:\/\/scothornnutrition.com\/wp-content\/uploads\/2018\/06\/alfalfa-field-1920x1080-01.jpg","width":1920,"height":1080},{"@type":"BreadcrumbList","@id":"http:\/\/scothornnutrition.com\/dairy-nutrition-advisors\/our-mission-values\/#breadcrumb","itemListElement":[{"@type":"ListItem","position":1,"name":"Home","item":"http:\/\/scothornnutrition.com\/"},{"@type":"ListItem","position":2,"name":"About Us","item":"https:\/\/scothornnutrition.com\/dairy-nutrition-advisors\/"},{"@type":"ListItem","position":3,"name":"Our Mission &#038; Values"}]},{"@type":"WebSite","@id":"http:\/\/scothornnutrition.com\/#website","url":"http:\/\/scothornnutrition.com\/","name":"Scothorn Nutrition","description":"Herd Health Management","publisher":{"@id":"http:\/\/scothornnutrition.com\/#organization"},"potentialAction":[{"@type":"SearchAction","target":{"@type":"EntryPoint","urlTemplate":"http:\/\/scothornnutrition.com\/?s={search_term_string}"},"query-input":{"@type":"PropertyValueSpecification","valueRequired":true,"valueName":"search_term_string"}}],"inLanguage":"fr-CA"},{"@type":"Organization","@id":"http:\/\/scothornnutrition.com\/#organization","name":"Scothorn Nutrition","url":"http:\/\/scothornnutrition.com\/","logo":{"@type":"ImageObject","inLanguage":"fr-CA","@id":"http:\/\/scothornnutrition.com\/#\/schema\/logo\/image\/","url":"https:\/\/scothornnutrition.com\/wp-content\/uploads\/2018\/02\/SNL-logo-250x100.png","contentUrl":"https:\/\/scothornnutrition.com\/wp-content\/uploads\/2018\/02\/SNL-logo-250x100.png","width":250,"height":100,"caption":"Scothorn Nutrition"},"image":{"@id":"http:\/\/scothornnutrition.com\/#\/schema\/logo\/image\/"}}]}},"_links":{"self":[{"href":"https:\/\/scothornnutrition.com\/fr\/wp-json\/wp\/v2\/pages\/1999","targetHints":{"allow":["GET"]}}],"collection":[{"href":"https:\/\/scothornnutrition.com\/fr\/wp-json\/wp\/v2\/pages"}],"about":[{"href":"https:\/\/scothornnutrition.com\/fr\/wp-json\/wp\/v2\/types\/page"}],"author":[{"embeddable":true,"href":"https:\/\/scothornnutrition.com\/fr\/wp-json\/wp\/v2\/users\/1"}],"replies":[{"embeddable":true,"href":"https:\/\/scothornnutrition.com\/fr\/wp-json\/wp\/v2\/comments?post=1999"}],"version-history":[{"count":3,"href":"https:\/\/scothornnutrition.com\/fr\/wp-json\/wp\/v2\/pages\/1999\/revisions"}],"predecessor-version":[{"id":2291,"href":"https:\/\/scothornnutrition.com\/fr\/wp-json\/wp\/v2\/pages\/1999\/revisions\/2291"}],"up":[{"embeddable":true,"href":"https:\/\/scothornnutrition.com\/fr\/wp-json\/wp\/v2\/pages\/1221"}],"wp:featuredmedia":[{"embeddable":true,"href":"https:\/\/scothornnutrition.com\/fr\/wp-json\/wp\/v2\/media\/2141"}],"wp:attachment":[{"href":"https:\/\/scothornnutrition.com\/fr\/wp-json\/wp\/v2\/media?parent=1999"}],"curies":[{"name":"wp","href":"https:\/\/api.w.org\/{rel}","templated":true}]}}