{"id":1225,"date":"2018-02-23T18:15:30","date_gmt":"2018-02-23T18:15:30","guid":{"rendered":"http:\/\/146.66.66.162\/~scothorn\/?page_id=1225"},"modified":"2018-06-28T18:21:40","modified_gmt":"2018-06-28T18:21:40","slug":"products","status":"publish","type":"page","link":"https:\/\/scothornnutrition.com\/fr\/products\/","title":{"rendered":"Produits"},"content":{"rendered":"<p>Nous recherchons toujours des produits de nutrition laiti\u00e8re et des ingr\u00e9dients nutritionnels qui apportent un retour important aux producteurs laitiers soutenant la production et la qualit\u00e9 du lait.<\/p>\n<p><img loading=\"lazy\" decoding=\"async\" class=\"alignnone size-full wp-image-2095\" src=\"http:\/\/scothornnutrition.com\/wp-content\/uploads\/2018\/06\/hr-1300x20.png\" alt=\"horizontal rule\" width=\"1300\" height=\"30\" srcset=\"https:\/\/scothornnutrition.com\/wp-content\/uploads\/2018\/06\/hr-1300x20.png 1300w, https:\/\/scothornnutrition.com\/wp-content\/uploads\/2018\/06\/hr-1300x20-300x7.png 300w, https:\/\/scothornnutrition.com\/wp-content\/uploads\/2018\/06\/hr-1300x20-768x18.png 768w, https:\/\/scothornnutrition.com\/wp-content\/uploads\/2018\/06\/hr-1300x20-1024x24.png 1024w\" sizes=\"auto, (max-width: 1300px) 100vw, 1300px\" \/><\/p>\n<ul class=\"display-posts-listing\"><li class=\"listing-item one-fourth first\"><a class=\"image\" href=\"https:\/\/scothornnutrition.com\/fr\/portfolio\/vitamin-and-minerals-lactating-cows\/\"><img loading=\"lazy\" decoding=\"async\" width=\"620\" height=\"380\" src=\"https:\/\/scothornnutrition.com\/wp-content\/uploads\/2018\/02\/DS12-1-620x380.jpg\" class=\"attachment-portfolio size-portfolio wp-post-image\" alt=\"Scothorn Nutrition\" \/><\/a> <a class=\"title\" href=\"https:\/\/scothornnutrition.com\/fr\/portfolio\/vitamin-and-minerals-lactating-cows\/\">DS12<\/a><\/li><\/ul>","protected":false},"excerpt":{"rendered":"<p>Nous recherchons toujours des produits de nutrition laiti\u00e8re et des ingr\u00e9dients nutritionnels qui apportent un retour important aux producteurs laitiers soutenant la production et la qualit\u00e9 du lait.<\/p>","protected":false},"author":1,"featured_media":0,"parent":0,"menu_order":0,"comment_status":"closed","ping_status":"closed","template":"","meta":{"_genesis_hide_title":false,"_genesis_hide_breadcrumbs":false,"_genesis_hide_singular_image":false,"_genesis_hide_footer_widgets":false,"_genesis_custom_body_class":"","_genesis_custom_post_class":"","_genesis_layout":"","footnotes":""},"class_list":{"0":"post-1225","1":"page","2":"type-page","3":"status-publish","5":"entry","6":"has-post-thumbnail"},"yoast_head":"<!-- This site is optimized with the Yoast SEO plugin v27.3 - https:\/\/yoast.com\/product\/yoast-seo-wordpress\/ -->\n<title>Dairy Nutrition Products and Services | Scothorn Nutrition<\/title>\n<meta name=\"description\" content=\"We actively search the globe for dairy nutrition products to provide a stong return to dairy producers supporting milk production and quality.\" \/>\n<meta name=\"robots\" content=\"index, follow, max-snippet:-1, max-image-preview:large, max-video-preview:-1\" \/>\n<link rel=\"canonical\" href=\"http:\/\/scothornnutrition.com\/fr\/products\/\" \/>\n<meta property=\"og:locale\" content=\"fr_CA\" \/>\n<meta property=\"og:type\" content=\"article\" \/>\n<meta property=\"og:title\" content=\"Dairy Nutrition Products and Services | Scothorn Nutrition\" \/>\n<meta property=\"og:description\" content=\"We actively search the globe for dairy nutrition products to provide a stong return to dairy producers supporting milk production and quality.\" \/>\n<meta property=\"og:url\" content=\"http:\/\/scothornnutrition.com\/fr\/products\/\" \/>\n<meta property=\"og:site_name\" content=\"Scothorn Nutrition\" \/>\n<meta property=\"article:modified_time\" content=\"2018-06-28T18:21:40+00:00\" \/>\n<meta property=\"og:image\" content=\"http:\/\/scothornnutrition.com\/wp-content\/uploads\/2018\/06\/hr-1300x20.png\" \/>\n<meta name=\"twitter:card\" content=\"summary_large_image\" \/>\n<script type=\"application\/ld+json\" class=\"yoast-schema-graph\">{\"@context\":\"https:\\\/\\\/schema.org\",\"@graph\":[{\"@type\":\"WebPage\",\"@id\":\"http:\\\/\\\/scothornnutrition.com\\\/products\\\/\",\"url\":\"http:\\\/\\\/scothornnutrition.com\\\/products\\\/\",\"name\":\"Dairy Nutrition Products and Services | Scothorn Nutrition\",\"isPartOf\":{\"@id\":\"http:\\\/\\\/scothornnutrition.com\\\/#website\"},\"primaryImageOfPage\":{\"@id\":\"http:\\\/\\\/scothornnutrition.com\\\/products\\\/#primaryimage\"},\"image\":{\"@id\":\"http:\\\/\\\/scothornnutrition.com\\\/products\\\/#primaryimage\"},\"thumbnailUrl\":\"http:\\\/\\\/scothornnutrition.com\\\/wp-content\\\/uploads\\\/2018\\\/06\\\/hr-1300x20.png\",\"datePublished\":\"2018-02-23T18:15:30+00:00\",\"dateModified\":\"2018-06-28T18:21:40+00:00\",\"description\":\"We actively search the globe for dairy nutrition products to provide a stong return to dairy producers supporting milk production and quality.\",\"breadcrumb\":{\"@id\":\"http:\\\/\\\/scothornnutrition.com\\\/products\\\/#breadcrumb\"},\"inLanguage\":\"fr-CA\",\"potentialAction\":[{\"@type\":\"ReadAction\",\"target\":[\"http:\\\/\\\/scothornnutrition.com\\\/products\\\/\"]}]},{\"@type\":\"ImageObject\",\"inLanguage\":\"fr-CA\",\"@id\":\"http:\\\/\\\/scothornnutrition.com\\\/products\\\/#primaryimage\",\"url\":\"http:\\\/\\\/scothornnutrition.com\\\/wp-content\\\/uploads\\\/2018\\\/06\\\/hr-1300x20.png\",\"contentUrl\":\"http:\\\/\\\/scothornnutrition.com\\\/wp-content\\\/uploads\\\/2018\\\/06\\\/hr-1300x20.png\"},{\"@type\":\"BreadcrumbList\",\"@id\":\"http:\\\/\\\/scothornnutrition.com\\\/products\\\/#breadcrumb\",\"itemListElement\":[{\"@type\":\"ListItem\",\"position\":1,\"name\":\"Home\",\"item\":\"http:\\\/\\\/scothornnutrition.com\\\/\"},{\"@type\":\"ListItem\",\"position\":2,\"name\":\"Products\"}]},{\"@type\":\"WebSite\",\"@id\":\"http:\\\/\\\/scothornnutrition.com\\\/#website\",\"url\":\"http:\\\/\\\/scothornnutrition.com\\\/\",\"name\":\"Scothorn Nutrition\",\"description\":\"Herd Health Management\",\"publisher\":{\"@id\":\"http:\\\/\\\/scothornnutrition.com\\\/#organization\"},\"potentialAction\":[{\"@type\":\"SearchAction\",\"target\":{\"@type\":\"EntryPoint\",\"urlTemplate\":\"http:\\\/\\\/scothornnutrition.com\\\/?s={search_term_string}\"},\"query-input\":{\"@type\":\"PropertyValueSpecification\",\"valueRequired\":true,\"valueName\":\"search_term_string\"}}],\"inLanguage\":\"fr-CA\"},{\"@type\":\"Organization\",\"@id\":\"http:\\\/\\\/scothornnutrition.com\\\/#organization\",\"name\":\"Scothorn Nutrition\",\"url\":\"http:\\\/\\\/scothornnutrition.com\\\/\",\"logo\":{\"@type\":\"ImageObject\",\"inLanguage\":\"fr-CA\",\"@id\":\"http:\\\/\\\/scothornnutrition.com\\\/#\\\/schema\\\/logo\\\/image\\\/\",\"url\":\"https:\\\/\\\/scothornnutrition.com\\\/wp-content\\\/uploads\\\/2018\\\/02\\\/SNL-logo-250x100.png\",\"contentUrl\":\"https:\\\/\\\/scothornnutrition.com\\\/wp-content\\\/uploads\\\/2018\\\/02\\\/SNL-logo-250x100.png\",\"width\":250,\"height\":100,\"caption\":\"Scothorn Nutrition\"},\"image\":{\"@id\":\"http:\\\/\\\/scothornnutrition.com\\\/#\\\/schema\\\/logo\\\/image\\\/\"}}]}<\/script>\n<!-- \/ Yoast SEO plugin. -->","yoast_head_json":{"title":"Dairy Nutrition Products and Services | Scothorn Nutrition","description":"We actively search the globe for dairy nutrition products to provide a stong return to dairy producers supporting milk production and quality.","robots":{"index":"index","follow":"follow","max-snippet":"max-snippet:-1","max-image-preview":"max-image-preview:large","max-video-preview":"max-video-preview:-1"},"canonical":"http:\/\/scothornnutrition.com\/fr\/products\/","og_locale":"fr_CA","og_type":"article","og_title":"Dairy Nutrition Products and Services | Scothorn Nutrition","og_description":"We actively search the globe for dairy nutrition products to provide a stong return to dairy producers supporting milk production and quality.","og_url":"http:\/\/scothornnutrition.com\/fr\/products\/","og_site_name":"Scothorn Nutrition","article_modified_time":"2018-06-28T18:21:40+00:00","og_image":[{"url":"http:\/\/scothornnutrition.com\/wp-content\/uploads\/2018\/06\/hr-1300x20.png","type":"","width":"","height":""}],"twitter_card":"summary_large_image","schema":{"@context":"https:\/\/schema.org","@graph":[{"@type":"WebPage","@id":"http:\/\/scothornnutrition.com\/products\/","url":"http:\/\/scothornnutrition.com\/products\/","name":"Dairy Nutrition Products and Services | Scothorn Nutrition","isPartOf":{"@id":"http:\/\/scothornnutrition.com\/#website"},"primaryImageOfPage":{"@id":"http:\/\/scothornnutrition.com\/products\/#primaryimage"},"image":{"@id":"http:\/\/scothornnutrition.com\/products\/#primaryimage"},"thumbnailUrl":"http:\/\/scothornnutrition.com\/wp-content\/uploads\/2018\/06\/hr-1300x20.png","datePublished":"2018-02-23T18:15:30+00:00","dateModified":"2018-06-28T18:21:40+00:00","description":"We actively search the globe for dairy nutrition products to provide a stong return to dairy producers supporting milk production and quality.","breadcrumb":{"@id":"http:\/\/scothornnutrition.com\/products\/#breadcrumb"},"inLanguage":"fr-CA","potentialAction":[{"@type":"ReadAction","target":["http:\/\/scothornnutrition.com\/products\/"]}]},{"@type":"ImageObject","inLanguage":"fr-CA","@id":"http:\/\/scothornnutrition.com\/products\/#primaryimage","url":"http:\/\/scothornnutrition.com\/wp-content\/uploads\/2018\/06\/hr-1300x20.png","contentUrl":"http:\/\/scothornnutrition.com\/wp-content\/uploads\/2018\/06\/hr-1300x20.png"},{"@type":"BreadcrumbList","@id":"http:\/\/scothornnutrition.com\/products\/#breadcrumb","itemListElement":[{"@type":"ListItem","position":1,"name":"Home","item":"http:\/\/scothornnutrition.com\/"},{"@type":"ListItem","position":2,"name":"Products"}]},{"@type":"WebSite","@id":"http:\/\/scothornnutrition.com\/#website","url":"http:\/\/scothornnutrition.com\/","name":"Scothorn Nutrition","description":"Herd Health Management","publisher":{"@id":"http:\/\/scothornnutrition.com\/#organization"},"potentialAction":[{"@type":"SearchAction","target":{"@type":"EntryPoint","urlTemplate":"http:\/\/scothornnutrition.com\/?s={search_term_string}"},"query-input":{"@type":"PropertyValueSpecification","valueRequired":true,"valueName":"search_term_string"}}],"inLanguage":"fr-CA"},{"@type":"Organization","@id":"http:\/\/scothornnutrition.com\/#organization","name":"Scothorn Nutrition","url":"http:\/\/scothornnutrition.com\/","logo":{"@type":"ImageObject","inLanguage":"fr-CA","@id":"http:\/\/scothornnutrition.com\/#\/schema\/logo\/image\/","url":"https:\/\/scothornnutrition.com\/wp-content\/uploads\/2018\/02\/SNL-logo-250x100.png","contentUrl":"https:\/\/scothornnutrition.com\/wp-content\/uploads\/2018\/02\/SNL-logo-250x100.png","width":250,"height":100,"caption":"Scothorn Nutrition"},"image":{"@id":"http:\/\/scothornnutrition.com\/#\/schema\/logo\/image\/"}}]}},"_links":{"self":[{"href":"https:\/\/scothornnutrition.com\/fr\/wp-json\/wp\/v2\/pages\/1225","targetHints":{"allow":["GET"]}}],"collection":[{"href":"https:\/\/scothornnutrition.com\/fr\/wp-json\/wp\/v2\/pages"}],"about":[{"href":"https:\/\/scothornnutrition.com\/fr\/wp-json\/wp\/v2\/types\/page"}],"author":[{"embeddable":true,"href":"https:\/\/scothornnutrition.com\/fr\/wp-json\/wp\/v2\/users\/1"}],"replies":[{"embeddable":true,"href":"https:\/\/scothornnutrition.com\/fr\/wp-json\/wp\/v2\/comments?post=1225"}],"version-history":[{"count":5,"href":"https:\/\/scothornnutrition.com\/fr\/wp-json\/wp\/v2\/pages\/1225\/revisions"}],"predecessor-version":[{"id":2295,"href":"https:\/\/scothornnutrition.com\/fr\/wp-json\/wp\/v2\/pages\/1225\/revisions\/2295"}],"wp:attachment":[{"href":"https:\/\/scothornnutrition.com\/fr\/wp-json\/wp\/v2\/media?parent=1225"}],"curies":[{"name":"wp","href":"https:\/\/api.w.org\/{rel}","templated":true}]}}