{"id":1221,"date":"2018-02-23T18:15:12","date_gmt":"2018-02-23T18:15:12","guid":{"rendered":"http:\/\/146.66.66.162\/~scothorn\/?page_id=1221"},"modified":"2025-10-27T11:51:04","modified_gmt":"2025-10-27T14:51:04","slug":"dairy-nutrition-advisors","status":"publish","type":"page","link":"https:\/\/scothornnutrition.com\/fr\/dairy-nutrition-advisors\/","title":{"rendered":"\u00c0 propos de nous"},"content":{"rendered":"<h2 style=\"text-align: center;\">Nous nous sommes engag\u00e9s \u00e0 l'excellence<\/h2>\n<p><img loading=\"lazy\" decoding=\"async\" class=\"alignnone size-full wp-image-2095\" src=\"http:\/\/scothornnutrition.com\/wp-content\/uploads\/2018\/06\/hr-1300x20.png\" alt=\"horizontal rule\" width=\"1300\" height=\"30\" srcset=\"https:\/\/scothornnutrition.com\/wp-content\/uploads\/2018\/06\/hr-1300x20.png 1300w, https:\/\/scothornnutrition.com\/wp-content\/uploads\/2018\/06\/hr-1300x20-300x7.png 300w, https:\/\/scothornnutrition.com\/wp-content\/uploads\/2018\/06\/hr-1300x20-768x18.png 768w, https:\/\/scothornnutrition.com\/wp-content\/uploads\/2018\/06\/hr-1300x20-1024x24.png 1024w\" sizes=\"auto, (max-width: 1300px) 100vw, 1300px\" \/><\/p>\n<p>Scothorn Nutrition pense que la nutrition laiti\u00e8re est plus qu'une simple formulation de ration. Nous fournissons des consultations individuelles sur les produits laitiers qui adoptent une approche holistique de l'ensemble de l'op\u00e9ration, y compris le d\u00e9pannage \u00e0 la ferme et l'\u00e9valuation des rations. Nos services sont bas\u00e9s sur des visites planifi\u00e9es pour discuter d'objectifs, d'\u00e9chantillons de fourrage, \u00e9valuer l'\u00e9tat de chair et d'examiner des donn\u00e9es \u00e0 la ferme. La formulation de la ration est fournie pour les vaches en lactation, les vaches taries et les g\u00e9nisses \u00e0 l'aide du logiciel de AMTS (Cornell). Nous encourageons la collaboration avec tous vos partenaires de l'industrie. Nous travaillerons avec vous pour optimiser l\u2019utilisation des aliments de remplacement et des fourrages et prendre des d\u00e9cisions \u00e9clair\u00e9es pour r\u00e9duire les co\u00fbts de production et augmenter les profits.<\/p>\n<p>&nbsp;<\/p>\n<h2 style=\"text-align: center;\">L'\u00e9quipe<\/h2>\n<p><img loading=\"lazy\" decoding=\"async\" class=\"alignnone size-full wp-image-2095\" src=\"http:\/\/scothornnutrition.com\/wp-content\/uploads\/2018\/06\/hr-1300x20.png\" alt=\"horizontal rule\" width=\"1300\" height=\"30\" srcset=\"https:\/\/scothornnutrition.com\/wp-content\/uploads\/2018\/06\/hr-1300x20.png 1300w, https:\/\/scothornnutrition.com\/wp-content\/uploads\/2018\/06\/hr-1300x20-300x7.png 300w, https:\/\/scothornnutrition.com\/wp-content\/uploads\/2018\/06\/hr-1300x20-768x18.png 768w, https:\/\/scothornnutrition.com\/wp-content\/uploads\/2018\/06\/hr-1300x20-1024x24.png 1024w\" sizes=\"auto, (max-width: 1300px) 100vw, 1300px\" \/><\/p>\n<p><img loading=\"lazy\" decoding=\"async\" class=\"alignright wp-image-2299\" src=\"http:\/\/scothornnutrition.com\/wp-content\/uploads\/2018\/06\/profile.jpg\" alt=\"Daniel Scothorn Profile\" width=\"512\" height=\"394\" srcset=\"https:\/\/scothornnutrition.com\/wp-content\/uploads\/2018\/06\/profile.jpg 650w, https:\/\/scothornnutrition.com\/wp-content\/uploads\/2018\/06\/profile-300x231.jpg 300w\" sizes=\"auto, (max-width: 512px) 100vw, 512px\" \/><\/p>\n<h3>Daniel Scothorn<\/h3>\n<p><strong>Propri\u00e9taire\/Chef<\/strong><\/p>\n<p>Daniel pense qu'il a le meilleur travail au monde! \u00abJe travaille avec les plus grands producteurs laitiers dans l'Est, noue des contacts avec des nutritionnistes brillants et des hommes d\u2019affaires chevronn\u00e9s, et je visite des fermes chaque semaine dans le but de produire l\u2019un des meilleurs aliments connus, le lait!\u00bb En tant que partenaire et chef de Scothorn Nutrition, le travail de Daniel consiste \u00e0 s'assurer que \u00abnous marchons la parole\u00bb en fournissant des r\u00e9gimes bien formul\u00e9s pour des vaches en bonne sant\u00e9 tout en aidant nos clients \u00e0 optimiser leur rentabilit\u00e9.<\/p>\n<p>Se concentrer sur les principes fondamentaux de la nutrition laiti\u00e8re - fourrage de qualit\u00e9, c\u00e9r\u00e9ales hautement digestibles, gestion de l\u2019alimentation et formulation \u00e0 moindre co\u00fbt, sont les atouts de Daniel. Influenc\u00e9 par son p\u00e8re, Donald Scothorn, producteur laitier et juge de Holstein Canada, et grandissant dans une ferme laiti\u00e8re, Daniel a appris \u00e0 travailler avec le b\u00e9tail et \u00e0 observer les signes de vache d\u00e8s son jeune \u00e2ge. 4-H a jou\u00e9 un r\u00f4le important dans la jeunesse de Daniel et lui ont enseign\u00e9 la mise en sc\u00e8ne du b\u00e9tail, l\u2019esprit d\u2019entreprise et la prise de parole en public.<\/p>\n<p>Il a acquis des connaissances en nutrition lorsqu'il a obtenu un baccalaur\u00e9at et une ma\u00eetrise en sciences \u00e0 l'Universit\u00e9 Dalhousie et \u00e0 l'Universit\u00e9 de la Saskatchewan. Daniel a travaill\u00e9 comme conseiller en alimentation laiti\u00e8re pour Feed-Rite en Alberta, puis en tant que nutritionniste pour les ruminants chez Co-op Feeds dans l'Ouest canadien. Par la suite, Daniel et Heather se sont associ\u00e9s pour d\u00e9voiler Scothorn Nutrition, une soci\u00e9t\u00e9 con\u00e7ue pour offrir des conseils ind\u00e9pendants en mati\u00e8re de nutrition aux exploitations d\u00e9sireuses d\u2019am\u00e9liorer le co\u00fbt des aliments pour animaux et le rendement en lait. Des conseils en mati\u00e8re de nutrition ont \u00e9t\u00e9 fournis \u00e0 de nombreuses fermes et organisations du monde entier, telles que Duba\u00ef, l\u2019Arabie saoudite, la Jordanie, l\u2019\u00c9gypte, le Vietnam et le Canada. Daniel a travaill\u00e9 b\u00e9n\u00e9volement pour Farmers Helping Farmers en aidant de petites fermes laiti\u00e8res au Kenya \u00e0 am\u00e9liorer leur production de lait et la sant\u00e9 de leurs vaches. Le coaching de football, la cuisine, le surf et la d\u00e9couverte de nouveaux lieux sont des activit\u00e9s pr\u00e9f\u00e9r\u00e9es. Il a trois enfants extraordinaires: Logan, Alexa et Zahra et une femme tr\u00e8s solidaire, Heather.<\/p>\n<p><a href=\"mailto:daniel@scothornnutrition.com\" target=\"_blank\" rel=\"noopener\"><img loading=\"lazy\" decoding=\"async\" class=\"alignnone wp-image-2173 size-full\" src=\"http:\/\/scothornnutrition.com\/wp-content\/uploads\/2018\/06\/icon-mail.jpg\" alt=\"icon-mail\" width=\"40\" height=\"40\" \/><\/a><a href=\"https:\/\/www.linkedin.com\/in\/danielscothorn-cows\/\" target=\"_blank\" rel=\"noopener\"><img loading=\"lazy\" decoding=\"async\" class=\"alignnone size-full wp-image-2172\" src=\"http:\/\/scothornnutrition.com\/wp-content\/uploads\/2018\/06\/icon-linkedin.jpg\" alt=\"icon-linkedin\" width=\"40\" height=\"40\" \/><\/a><\/p>\n<h3><img loading=\"lazy\" decoding=\"async\" class=\"alignnone size-full wp-image-2095\" src=\"http:\/\/scothornnutrition.com\/wp-content\/uploads\/2018\/06\/hr-1300x20.png\" alt=\"horizontal rule\" width=\"1300\" height=\"30\" srcset=\"https:\/\/scothornnutrition.com\/wp-content\/uploads\/2018\/06\/hr-1300x20.png 1300w, https:\/\/scothornnutrition.com\/wp-content\/uploads\/2018\/06\/hr-1300x20-300x7.png 300w, https:\/\/scothornnutrition.com\/wp-content\/uploads\/2018\/06\/hr-1300x20-768x18.png 768w, https:\/\/scothornnutrition.com\/wp-content\/uploads\/2018\/06\/hr-1300x20-1024x24.png 1024w\" sizes=\"auto, (max-width: 1300px) 100vw, 1300px\" \/>Heather Angell<\/h3>\n<p><strong>Propri\u00e9taire\/ Chef des op\u00e9rations<\/strong><\/p>\n<p>Grandir dans une ferme c\u00e9r\u00e9ali\u00e8re de la Saskatchewan a permis \u00e0 Heather de prendre conscience du travail acharn\u00e9 et des probl\u00e8mes importants pour les familles d'agriculteurs, tels que la gestion des marges et la croissance d'une entreprise.<\/p>\n<p>En tant que partenaire de Scothorn Nutrition, Heather Angell g\u00e8re les finances de l'entreprise, les pr\u00e9visions d'entreprise et recherche les initiatives futures de l'entreprise. Heather a de l'exp\u00e9rience dans la cr\u00e9ation et la mise en \u0153uvre de concepts de marketing, de service \u00e0 la client\u00e8le, de planification de programmes, de coordination d'\u00e9v\u00e9nements sp\u00e9ciaux, de s\u00e9minaires de formation, de coaching individuel et de groupe et de gestion de projet. Elle a un B.Sc. en agriculture de l'Universit\u00e9 de la Saskatchewan et B.Sc. en nutrition de l\u2019Universit\u00e9 Acadia et a fait du b\u00e9n\u00e9volat aupr\u00e8s de Farmers Helping Famers, qui a particip\u00e9 \u00e0 des projets agricoles \u00e0 petite \u00e9chelle au Kenya. Heather travaille \u00e9galement comme di\u00e9t\u00e9ticienne pour le syst\u00e8me de sant\u00e9 de la Nouvelle-\u00c9cosse, apportant son expertise dans le domaine des soins et de la pr\u00e9vention du diab\u00e8te. Les int\u00e9r\u00eats de Heather sont la vie \u00e0 l'ext\u00e9rieur, le v\u00e9lo, le surf, le yoga et l'\u00e9ducation de trois enfants en bonne sant\u00e9.<\/p>\n<p><a href=\"mailto:heather@scothornnutrition.com\" target=\"_blank\" rel=\"noopener\"><img loading=\"lazy\" decoding=\"async\" class=\"alignnone size-full wp-image-2173\" src=\"http:\/\/scothornnutrition.com\/wp-content\/uploads\/2018\/06\/icon-mail.jpg\" alt=\"icon-mail\" width=\"40\" height=\"40\" \/><\/a><img loading=\"lazy\" decoding=\"async\" class=\"alignnone size-full wp-image-2172\" src=\"http:\/\/scothornnutrition.com\/wp-content\/uploads\/2018\/06\/icon-linkedin.jpg\" alt=\"icon-linkedin\" width=\"40\" height=\"40\" \/><\/p>\n<h3><img loading=\"lazy\" decoding=\"async\" class=\"alignnone size-full wp-image-2095\" src=\"http:\/\/scothornnutrition.com\/wp-content\/uploads\/2018\/06\/hr-1300x20.png\" alt=\"horizontal rule\" width=\"1300\" height=\"30\" srcset=\"https:\/\/scothornnutrition.com\/wp-content\/uploads\/2018\/06\/hr-1300x20.png 1300w, https:\/\/scothornnutrition.com\/wp-content\/uploads\/2018\/06\/hr-1300x20-300x7.png 300w, https:\/\/scothornnutrition.com\/wp-content\/uploads\/2018\/06\/hr-1300x20-768x18.png 768w, https:\/\/scothornnutrition.com\/wp-content\/uploads\/2018\/06\/hr-1300x20-1024x24.png 1024w\" sizes=\"auto, (max-width: 1300px) 100vw, 1300px\" \/><\/h3>\n<h3><img loading=\"lazy\" decoding=\"async\" class=\"wp-image-2459 alignright\" src=\"http:\/\/scothornnutrition.com\/wp-content\/uploads\/2025\/10\/Jad-Zinker.jpg\" alt=\"Jad Zinker standing in barn with dairy cows in back\" width=\"230\" height=\"279\" srcset=\"https:\/\/scothornnutrition.com\/wp-content\/uploads\/2025\/10\/Jad-Zinker.jpg 488w, https:\/\/scothornnutrition.com\/wp-content\/uploads\/2025\/10\/Jad-Zinker-247x300.jpg 247w, https:\/\/scothornnutrition.com\/wp-content\/uploads\/2025\/10\/Jad-Zinker-10x12.jpg 10w\" sizes=\"auto, (max-width: 230px) 100vw, 230px\" \/>Jad Zinkar<\/h3>\n<p>Nutrition Assistant<\/p>\n<p style=\"text-align: left;\">Jad\u00a0was born and raised on a dairy farm in Lebanon before moving to Quebec in 2017. In 2020, he relocated to Nova Scotia to pursue his Bachelor of Science in Animal Science at Dalhousie University\u2019s Faculty of Agriculture. Jad has also gained international experience in Australia, working at one of the country\u2019s largest dairy operations with over 14,000 cows.\u00a0Jad\u00a0is excited to join Scothorn Nutrition as a Nutrition Assistant, working with farmers to improve herd health and farm efficiency.<\/p>\n<p>&nbsp;<\/p>\n<h3><\/h3>\n<h3><img loading=\"lazy\" decoding=\"async\" class=\"alignnone size-full wp-image-2095\" src=\"http:\/\/scothornnutrition.com\/wp-content\/uploads\/2018\/06\/hr-1300x20.png\" alt=\"horizontal rule\" width=\"1300\" height=\"30\" srcset=\"https:\/\/scothornnutrition.com\/wp-content\/uploads\/2018\/06\/hr-1300x20.png 1300w, https:\/\/scothornnutrition.com\/wp-content\/uploads\/2018\/06\/hr-1300x20-300x7.png 300w, https:\/\/scothornnutrition.com\/wp-content\/uploads\/2018\/06\/hr-1300x20-768x18.png 768w, https:\/\/scothornnutrition.com\/wp-content\/uploads\/2018\/06\/hr-1300x20-1024x24.png 1024w\" sizes=\"auto, (max-width: 1300px) 100vw, 1300px\" \/><\/h3>\n<h3>Azlyn Bezanson<img loading=\"lazy\" decoding=\"async\" class=\"size-medium wp-image-2448 alignright\" src=\"https:\/\/scothornnutrition.com\/wp-content\/uploads\/2024\/05\/Azlyn-225x300.jpeg\" alt=\"\" width=\"225\" height=\"300\" srcset=\"https:\/\/scothornnutrition.com\/wp-content\/uploads\/2024\/05\/Azlyn-225x300.jpeg 225w, https:\/\/scothornnutrition.com\/wp-content\/uploads\/2024\/05\/Azlyn-768x1024.jpeg 768w, https:\/\/scothornnutrition.com\/wp-content\/uploads\/2024\/05\/Azlyn-1152x1536.jpeg 1152w, https:\/\/scothornnutrition.com\/wp-content\/uploads\/2024\/05\/Azlyn-1536x2048.jpeg 1536w, https:\/\/scothornnutrition.com\/wp-content\/uploads\/2024\/05\/Azlyn-9x12.jpeg 9w, https:\/\/scothornnutrition.com\/wp-content\/uploads\/2024\/05\/Azlyn-scaled.jpeg 1920w\" sizes=\"auto, (max-width: 225px) 100vw, 225px\" \/><\/h3>\n<p><strong>Dairy Advisor<\/strong><\/p>\n<p style=\"text-align: left;\">Azlyn was born and raised in the Annapolis Valley and was interested in agriculture from a young age. Not only has she worked on several Atlantic Canada dairy farms throughout high school and university, but she is an accomplished equine trainer and athlete. Recently she graduated from Dalhousie Agricultural Campus with a BSc in Bioveterinary Science in 2023. Upon graduation, Azlyn entered the field of dairy advising by managing the territory of PEI with Clarence Farms Services. Azyln lives in Cape Traverse PEI; \u00a0where her partner and his family operate a cattle and potato farm. She is very excited to join the Scothorn Nutrition team and work alongside progressive farmers while improving the efficiency and productivity of their farms<\/p>\n<p><a href=\"mailto:azlyn@scothornnutrition.com\"><img loading=\"lazy\" decoding=\"async\" class=\"alignnone wp-image-2173 size-full\" src=\"https:\/\/scothornnutrition.com\/wp-content\/uploads\/2018\/06\/icon-mail.jpg\" alt=\"icon-mail\" width=\"40\" height=\"40\" \/><\/a><a href=\"https:\/\/www.linkedin.com\/in\/azlyn-bezanson-b0a782217\/\" target=\"_blank\" rel=\"noopener\"><img loading=\"lazy\" decoding=\"async\" class=\"alignnone wp-image-2172 size-full\" src=\"http:\/\/scothornnutrition.com\/wp-content\/uploads\/2018\/06\/icon-linkedin.jpg\" alt=\"icon-linkedin\" width=\"40\" height=\"40\" \/><\/a><\/p>\n<p>&nbsp;<\/p>\n<p><img loading=\"lazy\" decoding=\"async\" class=\"alignnone size-full wp-image-2095\" src=\"http:\/\/scothornnutrition.com\/wp-content\/uploads\/2018\/06\/hr-1300x20.png\" alt=\"horizontal rule\" width=\"1300\" height=\"30\" srcset=\"https:\/\/scothornnutrition.com\/wp-content\/uploads\/2018\/06\/hr-1300x20.png 1300w, https:\/\/scothornnutrition.com\/wp-content\/uploads\/2018\/06\/hr-1300x20-300x7.png 300w, https:\/\/scothornnutrition.com\/wp-content\/uploads\/2018\/06\/hr-1300x20-768x18.png 768w, https:\/\/scothornnutrition.com\/wp-content\/uploads\/2018\/06\/hr-1300x20-1024x24.png 1024w\" sizes=\"auto, (max-width: 1300px) 100vw, 1300px\" \/><\/p>\n<h3>Haley MacAdam<\/h3>\n<p><strong>Chef du bureau<img loading=\"lazy\" decoding=\"async\" class=\"size-full wp-image-2438 alignright\" src=\"https:\/\/scothornnutrition.com\/wp-content\/uploads\/2023\/03\/1676048493625-e1678270370291.jpeg\" alt=\"\" width=\"142\" height=\"194\" srcset=\"https:\/\/scothornnutrition.com\/wp-content\/uploads\/2023\/03\/1676048493625-e1678270370291.jpeg 142w, https:\/\/scothornnutrition.com\/wp-content\/uploads\/2023\/03\/1676048493625-e1678270370291-9x12.jpeg 9w\" sizes=\"auto, (max-width: 142px) 100vw, 142px\" \/><\/strong><\/p>\n<p style=\"font-weight: 400;\">Growing up on the Southern Shore of Nova Scotia, Haley has always possessed a strong value for kindness and hospitality. This led Haley to pursue a diploma in Tourism and Hospitality Management from Nova Scotia Community College.<\/p>\n<p style=\"font-weight: 400;\">Since entering the professional workforce, Haley has gained experience through managerial roles is both the Tourism and Hospitality and Infostructure Technology sectors. \u00a0No matter the industry, Haley\u2019s true passion comes from building valued relationships with clients, and making a positive impact on their day.<\/p>\n<p style=\"font-weight: 400;\">In her free time, Haley enjoys spending time with her husband Brent while cooking, gardening, volunteering with the Parental Advisory Board at her children\u2019s daycare, and being actively involved in their children\u2019s many extracurricular activities.<\/p>\n<p><a href=\"mailto:accounts@scothornnutrition.com\"><img loading=\"lazy\" decoding=\"async\" class=\"alignnone wp-image-2173 size-full\" src=\"http:\/\/scothornnutrition.com\/wp-content\/uploads\/2018\/06\/icon-mail.jpg\" alt=\"icon-mail\" width=\"40\" height=\"40\" \/><\/a><a href=\"https:\/\/www.linkedin.com\/in\/haley-macadam-4598a9264\/\" target=\"_blank\" rel=\"noopener\"><img loading=\"lazy\" decoding=\"async\" class=\"alignnone wp-image-2172 size-full\" src=\"http:\/\/scothornnutrition.com\/wp-content\/uploads\/2018\/06\/icon-linkedin.jpg\" alt=\"icon-linkedin\" width=\"40\" height=\"40\" \/><\/a><\/p>\n<p>&nbsp;<\/p>","protected":false},"excerpt":{"rendered":"<p>We are Committed to Excellence Scothorn Nutrition believes dairy nutrition is more than just ration formulation. \u00a0We provide one-on-one dairy consulting that takes a holistic approach to the entire operation, including on-farm troubleshooting and ration evaluation.\u00a0 Our services are based on schedule visits to discuss goals, sample forages, Body Condition Score and review on-farm and&hellip; <a href=\"https:\/\/scothornnutrition.com\/fr\/dairy-nutrition-advisors\/\" class=\"more-link\">Read more <span class=\"screen-reader-text\">\u00e0 proposAbout Us<\/span><\/a><\/p>","protected":false},"author":1,"featured_media":0,"parent":0,"menu_order":0,"comment_status":"closed","ping_status":"closed","template":"","meta":{"_genesis_hide_title":false,"_genesis_hide_breadcrumbs":false,"_genesis_hide_singular_image":false,"_genesis_hide_footer_widgets":false,"_genesis_custom_body_class":"","_genesis_custom_post_class":"","_genesis_layout":"full-width-content","footnotes":""},"class_list":{"0":"post-1221","1":"page","2":"type-page","3":"status-publish","5":"entry","6":"has-post-thumbnail"},"yoast_head":"<!-- This site is optimized with the Yoast SEO plugin v27.3 - https:\/\/yoast.com\/product\/yoast-seo-wordpress\/ -->\n<title>Dairy Nutrition Advisors in Atlantic Canada | Scothorn Nutrition<\/title>\n<meta name=\"description\" content=\"Call us today! Our dairy nutrition advisors are experts and dairy farmers. %\" \/>\n<meta name=\"robots\" content=\"index, follow, max-snippet:-1, max-image-preview:large, max-video-preview:-1\" \/>\n<link rel=\"canonical\" href=\"https:\/\/scothornnutrition.com\/fr\/dairy-nutrition-advisors\/\" \/>\n<meta property=\"og:locale\" content=\"fr_CA\" \/>\n<meta property=\"og:type\" content=\"article\" \/>\n<meta property=\"og:title\" content=\"Dairy Nutrition Advisors in Atlantic Canada | Scothorn Nutrition\" \/>\n<meta property=\"og:description\" content=\"Call us today! Our dairy nutrition advisors are experts and dairy farmers. %\" \/>\n<meta property=\"og:url\" content=\"https:\/\/scothornnutrition.com\/fr\/dairy-nutrition-advisors\/\" \/>\n<meta property=\"og:site_name\" content=\"Scothorn Nutrition\" \/>\n<meta property=\"article:modified_time\" content=\"2025-10-27T14:51:04+00:00\" \/>\n<meta property=\"og:image\" content=\"http:\/\/scothornnutrition.com\/wp-content\/uploads\/2018\/06\/hr-1300x20.png\" \/>\n<meta name=\"twitter:card\" content=\"summary_large_image\" \/>\n<meta name=\"twitter:label1\" content=\"Estimation du temps de lecture\" \/>\n\t<meta name=\"twitter:data1\" content=\"8 minutes\" \/>\n<script type=\"application\/ld+json\" class=\"yoast-schema-graph\">{\"@context\":\"https:\\\/\\\/schema.org\",\"@graph\":[{\"@type\":\"WebPage\",\"@id\":\"https:\\\/\\\/scothornnutrition.com\\\/dairy-nutrition-advisors\\\/\",\"url\":\"https:\\\/\\\/scothornnutrition.com\\\/dairy-nutrition-advisors\\\/\",\"name\":\"Dairy Nutrition Advisors in Atlantic Canada | Scothorn Nutrition\",\"isPartOf\":{\"@id\":\"http:\\\/\\\/scothornnutrition.com\\\/#website\"},\"primaryImageOfPage\":{\"@id\":\"https:\\\/\\\/scothornnutrition.com\\\/dairy-nutrition-advisors\\\/#primaryimage\"},\"image\":{\"@id\":\"https:\\\/\\\/scothornnutrition.com\\\/dairy-nutrition-advisors\\\/#primaryimage\"},\"thumbnailUrl\":\"http:\\\/\\\/scothornnutrition.com\\\/wp-content\\\/uploads\\\/2018\\\/06\\\/hr-1300x20.png\",\"datePublished\":\"2018-02-23T18:15:12+00:00\",\"dateModified\":\"2025-10-27T14:51:04+00:00\",\"description\":\"Call us today! Our dairy nutrition advisors are experts and dairy farmers. %\",\"breadcrumb\":{\"@id\":\"https:\\\/\\\/scothornnutrition.com\\\/dairy-nutrition-advisors\\\/#breadcrumb\"},\"inLanguage\":\"fr-CA\",\"potentialAction\":[{\"@type\":\"ReadAction\",\"target\":[\"https:\\\/\\\/scothornnutrition.com\\\/dairy-nutrition-advisors\\\/\"]}]},{\"@type\":\"ImageObject\",\"inLanguage\":\"fr-CA\",\"@id\":\"https:\\\/\\\/scothornnutrition.com\\\/dairy-nutrition-advisors\\\/#primaryimage\",\"url\":\"http:\\\/\\\/scothornnutrition.com\\\/wp-content\\\/uploads\\\/2018\\\/06\\\/hr-1300x20.png\",\"contentUrl\":\"http:\\\/\\\/scothornnutrition.com\\\/wp-content\\\/uploads\\\/2018\\\/06\\\/hr-1300x20.png\"},{\"@type\":\"BreadcrumbList\",\"@id\":\"https:\\\/\\\/scothornnutrition.com\\\/dairy-nutrition-advisors\\\/#breadcrumb\",\"itemListElement\":[{\"@type\":\"ListItem\",\"position\":1,\"name\":\"Home\",\"item\":\"http:\\\/\\\/scothornnutrition.com\\\/\"},{\"@type\":\"ListItem\",\"position\":2,\"name\":\"About Us\"}]},{\"@type\":\"WebSite\",\"@id\":\"http:\\\/\\\/scothornnutrition.com\\\/#website\",\"url\":\"http:\\\/\\\/scothornnutrition.com\\\/\",\"name\":\"Scothorn Nutrition\",\"description\":\"Herd Health Management\",\"publisher\":{\"@id\":\"http:\\\/\\\/scothornnutrition.com\\\/#organization\"},\"potentialAction\":[{\"@type\":\"SearchAction\",\"target\":{\"@type\":\"EntryPoint\",\"urlTemplate\":\"http:\\\/\\\/scothornnutrition.com\\\/?s={search_term_string}\"},\"query-input\":{\"@type\":\"PropertyValueSpecification\",\"valueRequired\":true,\"valueName\":\"search_term_string\"}}],\"inLanguage\":\"fr-CA\"},{\"@type\":\"Organization\",\"@id\":\"http:\\\/\\\/scothornnutrition.com\\\/#organization\",\"name\":\"Scothorn Nutrition\",\"url\":\"http:\\\/\\\/scothornnutrition.com\\\/\",\"logo\":{\"@type\":\"ImageObject\",\"inLanguage\":\"fr-CA\",\"@id\":\"http:\\\/\\\/scothornnutrition.com\\\/#\\\/schema\\\/logo\\\/image\\\/\",\"url\":\"https:\\\/\\\/scothornnutrition.com\\\/wp-content\\\/uploads\\\/2018\\\/02\\\/SNL-logo-250x100.png\",\"contentUrl\":\"https:\\\/\\\/scothornnutrition.com\\\/wp-content\\\/uploads\\\/2018\\\/02\\\/SNL-logo-250x100.png\",\"width\":250,\"height\":100,\"caption\":\"Scothorn Nutrition\"},\"image\":{\"@id\":\"http:\\\/\\\/scothornnutrition.com\\\/#\\\/schema\\\/logo\\\/image\\\/\"}}]}<\/script>\n<!-- \/ Yoast SEO plugin. -->","yoast_head_json":{"title":"Dairy Nutrition Advisors in Atlantic Canada | Scothorn Nutrition","description":"Call us today! Our dairy nutrition advisors are experts and dairy farmers. %","robots":{"index":"index","follow":"follow","max-snippet":"max-snippet:-1","max-image-preview":"max-image-preview:large","max-video-preview":"max-video-preview:-1"},"canonical":"https:\/\/scothornnutrition.com\/fr\/dairy-nutrition-advisors\/","og_locale":"fr_CA","og_type":"article","og_title":"Dairy Nutrition Advisors in Atlantic Canada | Scothorn Nutrition","og_description":"Call us today! Our dairy nutrition advisors are experts and dairy farmers. %","og_url":"https:\/\/scothornnutrition.com\/fr\/dairy-nutrition-advisors\/","og_site_name":"Scothorn Nutrition","article_modified_time":"2025-10-27T14:51:04+00:00","og_image":[{"url":"http:\/\/scothornnutrition.com\/wp-content\/uploads\/2018\/06\/hr-1300x20.png","type":"","width":"","height":""}],"twitter_card":"summary_large_image","twitter_misc":{"Estimation du temps de lecture":"8 minutes"},"schema":{"@context":"https:\/\/schema.org","@graph":[{"@type":"WebPage","@id":"https:\/\/scothornnutrition.com\/dairy-nutrition-advisors\/","url":"https:\/\/scothornnutrition.com\/dairy-nutrition-advisors\/","name":"Dairy Nutrition Advisors in Atlantic Canada | Scothorn Nutrition","isPartOf":{"@id":"http:\/\/scothornnutrition.com\/#website"},"primaryImageOfPage":{"@id":"https:\/\/scothornnutrition.com\/dairy-nutrition-advisors\/#primaryimage"},"image":{"@id":"https:\/\/scothornnutrition.com\/dairy-nutrition-advisors\/#primaryimage"},"thumbnailUrl":"http:\/\/scothornnutrition.com\/wp-content\/uploads\/2018\/06\/hr-1300x20.png","datePublished":"2018-02-23T18:15:12+00:00","dateModified":"2025-10-27T14:51:04+00:00","description":"Call us today! Our dairy nutrition advisors are experts and dairy farmers. %","breadcrumb":{"@id":"https:\/\/scothornnutrition.com\/dairy-nutrition-advisors\/#breadcrumb"},"inLanguage":"fr-CA","potentialAction":[{"@type":"ReadAction","target":["https:\/\/scothornnutrition.com\/dairy-nutrition-advisors\/"]}]},{"@type":"ImageObject","inLanguage":"fr-CA","@id":"https:\/\/scothornnutrition.com\/dairy-nutrition-advisors\/#primaryimage","url":"http:\/\/scothornnutrition.com\/wp-content\/uploads\/2018\/06\/hr-1300x20.png","contentUrl":"http:\/\/scothornnutrition.com\/wp-content\/uploads\/2018\/06\/hr-1300x20.png"},{"@type":"BreadcrumbList","@id":"https:\/\/scothornnutrition.com\/dairy-nutrition-advisors\/#breadcrumb","itemListElement":[{"@type":"ListItem","position":1,"name":"Home","item":"http:\/\/scothornnutrition.com\/"},{"@type":"ListItem","position":2,"name":"About Us"}]},{"@type":"WebSite","@id":"http:\/\/scothornnutrition.com\/#website","url":"http:\/\/scothornnutrition.com\/","name":"Scothorn Nutrition","description":"Herd Health Management","publisher":{"@id":"http:\/\/scothornnutrition.com\/#organization"},"potentialAction":[{"@type":"SearchAction","target":{"@type":"EntryPoint","urlTemplate":"http:\/\/scothornnutrition.com\/?s={search_term_string}"},"query-input":{"@type":"PropertyValueSpecification","valueRequired":true,"valueName":"search_term_string"}}],"inLanguage":"fr-CA"},{"@type":"Organization","@id":"http:\/\/scothornnutrition.com\/#organization","name":"Scothorn Nutrition","url":"http:\/\/scothornnutrition.com\/","logo":{"@type":"ImageObject","inLanguage":"fr-CA","@id":"http:\/\/scothornnutrition.com\/#\/schema\/logo\/image\/","url":"https:\/\/scothornnutrition.com\/wp-content\/uploads\/2018\/02\/SNL-logo-250x100.png","contentUrl":"https:\/\/scothornnutrition.com\/wp-content\/uploads\/2018\/02\/SNL-logo-250x100.png","width":250,"height":100,"caption":"Scothorn Nutrition"},"image":{"@id":"http:\/\/scothornnutrition.com\/#\/schema\/logo\/image\/"}}]}},"_links":{"self":[{"href":"https:\/\/scothornnutrition.com\/fr\/wp-json\/wp\/v2\/pages\/1221","targetHints":{"allow":["GET"]}}],"collection":[{"href":"https:\/\/scothornnutrition.com\/fr\/wp-json\/wp\/v2\/pages"}],"about":[{"href":"https:\/\/scothornnutrition.com\/fr\/wp-json\/wp\/v2\/types\/page"}],"author":[{"embeddable":true,"href":"https:\/\/scothornnutrition.com\/fr\/wp-json\/wp\/v2\/users\/1"}],"replies":[{"embeddable":true,"href":"https:\/\/scothornnutrition.com\/fr\/wp-json\/wp\/v2\/comments?post=1221"}],"version-history":[{"count":5,"href":"https:\/\/scothornnutrition.com\/fr\/wp-json\/wp\/v2\/pages\/1221\/revisions"}],"predecessor-version":[{"id":2460,"href":"https:\/\/scothornnutrition.com\/fr\/wp-json\/wp\/v2\/pages\/1221\/revisions\/2460"}],"wp:attachment":[{"href":"https:\/\/scothornnutrition.com\/fr\/wp-json\/wp\/v2\/media?parent=1221"}],"curies":[{"name":"wp","href":"https:\/\/api.w.org\/{rel}","templated":true}]}}